{"id":1398,"date":"2025-10-01T11:58:05","date_gmt":"2025-10-01T15:58:05","guid":{"rendered":"https:\/\/dvshopmasters.wpenginepowered.com\/politica-de-privacidad\/"},"modified":"2026-02-25T10:51:46","modified_gmt":"2026-02-25T15:51:46","slug":"politica-de-privacidad","status":"publish","type":"page","link":"https:\/\/shopmasters.org\/es\/politica-de-privacidad\/","title":{"rendered":"Pol\u00edtica de privacidad"},"content":{"rendered":"\t\t<div data-elementor-type=\"wp-page\" data-elementor-id=\"1398\" class=\"elementor elementor-1398 elementor-1094\" data-elementor-post-type=\"page\">\n\t\t\t\t<div class=\"elementor-element elementor-element-420fa8b e-flex e-con-boxed e-con e-parent\" data-id=\"420fa8b\" data-element_type=\"container\" data-e-type=\"container\" data-settings=\"{&quot;background_background&quot;:&quot;classic&quot;}\">\n\t\t\t\t\t<div class=\"e-con-inner\">\n\t\t\t\t<div class=\"elementor-element elementor-element-5e7f955 elementor-widget elementor-widget-heading\" data-id=\"5e7f955\" data-element_type=\"widget\" data-e-type=\"widget\" data-widget_type=\"heading.default\">\n\t\t\t\t\t<h1 class=\"elementor-heading-title elementor-size-default\">Pol\u00edtica de privacidad<\/h1>\t\t\t\t<\/div>\n\t\t\t\t\t<\/div>\n\t\t\t\t<\/div>\n\t\t<div class=\"elementor-element elementor-element-245e567 e-flex e-con-boxed e-con e-parent\" data-id=\"245e567\" data-element_type=\"container\" data-e-type=\"container\" data-settings=\"{&quot;background_background&quot;:&quot;classic&quot;}\">\n\t\t\t\t\t<div class=\"e-con-inner\">\n\t\t<div class=\"elementor-element elementor-element-cc46dd0 e-con-full e-flex e-con e-child\" data-id=\"cc46dd0\" data-element_type=\"container\" data-e-type=\"container\">\n\t\t<div class=\"elementor-element elementor-element-0f8bc79 e-con-full e-flex e-con e-child\" data-id=\"0f8bc79\" data-element_type=\"container\" data-e-type=\"container\">\n\t\t\t\t<div class=\"elementor-element elementor-element-d38c6f8 elementor-widget elementor-widget-image\" data-id=\"d38c6f8\" data-element_type=\"widget\" data-e-type=\"widget\" data-widget_type=\"image.default\">\n\t\t\t\t\t\t\t\t\t\t\t\t\t\t\t<img fetchpriority=\"high\" decoding=\"async\" width=\"1024\" height=\"858\" src=\"https:\/\/shopmasters.org\/wp-content\/uploads\/2025\/07\/shopmaster-seal-color-1024x858.png\" class=\"attachment-large size-large wp-image-1399\" alt=\"color del sello de ShopMaster\" srcset=\"https:\/\/shopmasters.org\/wp-content\/uploads\/2025\/07\/shopmaster-seal-color-1024x858.png 1024w, https:\/\/shopmasters.org\/wp-content\/uploads\/2025\/07\/shopmaster-seal-color-300x251.png 300w, https:\/\/shopmasters.org\/wp-content\/uploads\/2025\/07\/shopmaster-seal-color-768x644.png 768w, https:\/\/shopmasters.org\/wp-content\/uploads\/2025\/07\/shopmaster-seal-color-1536x1287.png 1536w, https:\/\/shopmasters.org\/wp-content\/uploads\/2025\/07\/shopmaster-seal-color.png 2000w\" sizes=\"(max-width: 1024px) 100vw, 1024px\" title=\"Pol\u00edtica de privacidad\">\t\t\t\t\t\t\t\t\t\t\t\t\t\t\t<\/div>\n\t\t\t\t<\/div>\n\t\t\t\t<div class=\"elementor-element elementor-element-02488fe elementor-widget elementor-widget-text-editor\" data-id=\"02488fe\" data-element_type=\"widget\" data-e-type=\"widget\" id=\"PrivacyPolicyUpdate\" data-widget_type=\"text-editor.default\">\n\t\t\t\t\t\t\t\t\t<p><strong>\u00daltima actualizaci\u00f3n: enero de 2026<\/strong><\/p>\n<p>Cloyes Gear and Products, Inc. (\u201cCloyes\u201d, \u201cnosotros\u201d, \u201cnos\u201d, \u201cnuestro\u201d) se compromete a proteger su privacidad. Por lo tanto, proporcionamos esta pol\u00edtica de privacidad (esta \u201cPol\u00edtica de privacidad\u201d), que explica c\u00f3mo Cloyes recopila, utiliza y divulga su Informaci\u00f3n personal (seg\u00fan se define a continuaci\u00f3n) cuando accede a nuestro sitio web (https:\/\/cloyes.com) (nuestro \u201cSitio web\u201d) o interact\u00faa con nosotros de cualquier otra forma. <\/p>\n<p><strong>\u00cdndice<\/strong><\/p>\n<p>1. Categor\u00edas de informaci\u00f3n personal que recopilamos<\/p>\n<p>2. C\u00f3mo utilizamos su informaci\u00f3n personal<\/p>\n<p>3. A qui\u00e9n divulgamos la informaci\u00f3n personal<\/p>\n<p>4. Conservaci\u00f3n de la informaci\u00f3n personal<\/p>\n<p>5. Enlaces a sitios web de terceros<\/p>\n<p>6. Informaci\u00f3n personal de menores<\/p>\n<p>7. Derechos de privacidad espec\u00edficos de los estados de EE. UU.<\/p>\n<p>8. Cambios en esta Pol\u00edtica de privacidad<\/p>\n<p>9. Contacto<\/p>\n<p><strong>1. Categor\u00edas de informaci\u00f3n personal que recopilamos<\/strong><\/p>\n<p>Podemos recopilar o recibir las siguientes categor\u00edas de \u201cInformaci\u00f3n personal\u201d (es decir, informaci\u00f3n que identifica, se relaciona con, describe, est\u00e1 vinculada a, es razonablemente capaz de ser asociada con, o podr\u00eda estar razonablemente vinculada a, directa o indirectamente, a cualquier individuo o unidad familiar) de usted o autom\u00e1ticamente cuando utiliza el Sitio web.<\/p>\n<p>i. Identificadores e informaci\u00f3n de contacto: como el nombre, el n\u00famero de tel\u00e9fono, la direcci\u00f3n postal, la direcci\u00f3n de correo electr\u00f3nico y el cargo. <\/p>\n<p>ii. Comunicaciones: informaci\u00f3n que nos proporciona cuando se pone en contacto con nosotros por tel\u00e9fono, correo electr\u00f3nico o correo postal, o cuando se registra en uno de nuestros eventos, incluido el contenido de la comunicaci\u00f3n. <\/p>\n<p>iii. Uso del sitio web e informaci\u00f3n del dispositivo: nuestro Sitio web utiliza cookies y diversas tecnolog\u00edas de seguimiento, incluidas cookies y tecnolog\u00edas de seguimiento de terceros, a trav\u00e9s de las cuales podemos recopilar autom\u00e1ticamente informaci\u00f3n sobre su dispositivo y navegador, como su direcci\u00f3n IP (que se utiliza para derivar su ubicaci\u00f3n aproximada), el tipo de navegador, el tipo de dispositivo y el sistema operativo, as\u00ed como sus interacciones con nuestro Sitio web, como los comportamientos de navegaci\u00f3n (p. ej., qu\u00e9 p\u00e1ginas visualiza, cu\u00e1ndo, con qu\u00e9 frecuencia y en qu\u00e9 orden, la cantidad de tiempo que pasa en una p\u00e1gina y las p\u00e1ginas de referencia y de salida), las interacciones (p. ej., clics en botones, env\u00edos de formularios) y los datos de conversi\u00f3n. <\/p>\n<p>iv. Informaci\u00f3n que usted nos proporciona: tambi\u00e9n podemos recibir informaci\u00f3n adicional que usted decida proporcionarnos. <\/p>\n<p><strong>2. C\u00f3mo utilizamos su informaci\u00f3n personal<\/strong><\/p>\n<p>Cloyes puede utilizar su Informaci\u00f3n personal para los siguientes fines:<\/p>\n<p>i. Proporcionar y mejorar nuestro Sitio web, productos y servicios: para proporcionarle y mejorar nuestro Sitio web, productos y servicios, incluyendo la optimizaci\u00f3n de su experiencia en nuestro Sitio web.  <\/p>\n<p>ii. Comunicaci\u00f3n: para contactar o comunicarse con usted y responder a sus consultas. <\/p>\n<p>iii. Marketing por correo electr\u00f3nico: para enviarle correos electr\u00f3nicos de marketing, de los cuales puede darse de baja en cualquier momento siguiendo las instrucciones de dichas comunicaciones. Tenga en cuenta que, aunque opte por no recibir correos electr\u00f3nicos de marketing, es posible que sigamos envi\u00e1ndole correos electr\u00f3nicos transaccionales o de relaci\u00f3n.  <\/p>\n<p>iv. Anal\u00edtica y publicidad: utilizamos cookies y otras tecnolog\u00edas de seguimiento, incluidas cookies y tecnolog\u00edas de seguimiento de terceros, para comprender c\u00f3mo interact\u00faan los visitantes con nuestro Sitio web y para ayudar a nuestros objetivos de marketing. <\/p>\n<p>v. Motivos legales: para (i) cumplir con las leyes, normativas, procesos legales o solicitudes gubernamentales aplicables; (ii) participar en procesos de exhibici\u00f3n de pruebas, litigios u otros procedimientos legales; (iii) investigar posibles violaciones de nuestras pol\u00edticas o hacerlas cumplir, incluida esta Pol\u00edtica de privacidad; (iv) salvaguardar nuestros derechos y propiedad, as\u00ed como la seguridad o integridad de nuestros servicios; o (v) proteger a Cloyes, a usted o al p\u00fablico de da\u00f1os o de actividades potencialmente prohibidas o ilegales.      <\/p>\n<p>vi. Consentimiento: podemos utilizar su Informaci\u00f3n personal con su consentimiento. <\/p>\n<p><strong>3. A qui\u00e9n divulgamos la informaci\u00f3n personal<\/strong><\/p>\n<p>Cloyes puede divulgar su Informaci\u00f3n personal a los siguientes destinatarios:<\/p>\n<p>i. Proveedores de servicios: podemos divulgar su Informaci\u00f3n personal a nuestros proveedores de servicios que realizan servicios en nuestro nombre. <\/p>\n<p>ii. Afiliados: podemos divulgar su Informaci\u00f3n personal a nuestros afiliados para los fines descritos en esta Pol\u00edtica de privacidad y para nuestros fines administrativos y comerciales internos. <\/p>\n<p>iii. Proveedores de anal\u00edtica y publicidad: podemos compartir su Informaci\u00f3n personal con nuestros proveedores de anal\u00edtica (como Google Analytics) y proveedores de publicidad que nos ayudan con la anal\u00edtica del sitio web y la publicidad, respectivamente. Estos proveedores pueden recibir informaci\u00f3n sobre su dispositivo y sus actividades en nuestro Sitio web a trav\u00e9s de cookies y rastreadores de terceros. Para optar por no participar en nuestro uso de cookies y rastreadores de terceros, visite nuestra herramienta de gesti\u00f3n de cookies. Haga clic aqu\u00ed para obtener informaci\u00f3n sobre c\u00f3mo Google utiliza su Informaci\u00f3n personal cuando utiliza nuestro Sitio web.    <\/p>\n<p>iv. Terceros por motivos legales: podemos divulgar su Informaci\u00f3n personal a terceros si creemos que hacerlo es razonablemente necesario para: (i) cumplir con las leyes, normativas, procesos legales o solicitudes gubernamentales aplicables; (ii) participar en procesos de exhibici\u00f3n de pruebas, litigios u otros procedimientos legales; (iii) investigar posibles violaciones de nuestras pol\u00edticas o hacerlas cumplir, incluida esta Pol\u00edtica de privacidad; (iv) salvaguardar nuestros derechos o propiedad, o la seguridad de nuestros servicios; o (v) proteger a Cloyes, a usted o al p\u00fablico de da\u00f1os o de actividades potencialmente prohibidas o ilegales.      <\/p>\n<p>v. Participantes en transacciones de cambio de control: podemos divulgar su Informaci\u00f3n personal a compradores potenciales o reales, sus representantes u otros involucrados en cualquier venta, fusi\u00f3n, adquisici\u00f3n u otro cambio de control de la totalidad o parte de los activos de Cloyes, procedimientos de quiebra o procedimientos similares, incluso durante las negociaciones de los mismos.<\/p>\n<p>vi. Terceros con su consentimiento: podemos divulgar su Informaci\u00f3n personal a otros terceros con su consentimiento. <\/p>\n<p><strong>4. Conservaci\u00f3n de la informaci\u00f3n personal<\/strong><\/p>\n<p>Conservamos la Informaci\u00f3n personal solo durante el tiempo que sea necesario para cumplir con los fines descritos en esta Pol\u00edtica de privacidad, a menos que la ley exija un per\u00edodo de conservaci\u00f3n m\u00e1s largo. Al determinar cu\u00e1nto tiempo conservar la Informaci\u00f3n personal, consideramos varios factores, entre ellos: (i) nuestra relaci\u00f3n con usted; (ii) nuestra obligaci\u00f3n legal de preservar ciertos datos; (iii) cualquier preferencia que haya proporcionado con respecto a la conservaci\u00f3n de su Informaci\u00f3n personal; y (iv) si la conservaci\u00f3n continua es permitida o aconsejable a la luz de nuestra posici\u00f3n legal.     <\/p>\n<p><strong>5. Enlaces a sitios web de terceros<\/strong><\/p>\n<p>Nuestro Sitio web puede proporcionar acceso o enlaces a otros sitios web, incluidos enlaces a sitios web de terceros que le proporcionan recursos y contenido. Esta Pol\u00edtica de privacidad solo cubre los sitios web operados por o para Cloyes. El uso de sitios web de terceros es bajo su propio riesgo. No controlamos, respaldamos ni asumimos responsabilidad por el contenido o las pr\u00e1cticas de privacidad de los sitios web de terceros. Le recomendamos que lea las pol\u00edticas de privacidad de los terceros que proporcionan esos sitios web.    <\/p>\n<p>Para mayor claridad, la informaci\u00f3n que proporcione a sitios web de terceros est\u00e1 sujeta a los t\u00e9rminos y pol\u00edticas del tercero correspondiente, incluidas sus pol\u00edticas de privacidad. No controlamos c\u00f3mo dichos terceros recopilan, utilizan o gestionan su informaci\u00f3n. Al utilizar sitios web de terceros, usted comprende y acepta que los proveedores externos pueden recopilar, utilizar y divulgar informaci\u00f3n sobre usted, y que no somos responsables del tratamiento que den a cualquier informaci\u00f3n que les env\u00ede.  <\/p>\n<p><strong>6. Informaci\u00f3n personal de menores<\/strong><\/p>\n<p>Nuestro Sitio web no est\u00e1 dirigido a menores de 18 a\u00f1os. Cloyes no busca ni recopila a sabiendas Informaci\u00f3n personal de menores de 18 a\u00f1os. Si descubrimos que un menor de 18 a\u00f1os nos ha proporcionado Informaci\u00f3n personal, eliminamos dicha informaci\u00f3n de nuestros sistemas. Si usted es padre, madre o tutor y tiene conocimiento de que su hijo menor de 18 a\u00f1os nos ha proporcionado Informaci\u00f3n personal, p\u00f3ngase en contacto con nosotros inmediatamente en privacyinquiry@cloyes.com.   <\/p>\n<p><strong>7. Derechos de privacidad espec\u00edficos de los estados de EE. UU.<\/strong><\/p>\n<p>Ciertas leyes estatales de EE. UU. nos obligan a notificarle (i) las categor\u00edas de Informaci\u00f3n personal que recopilamos sobre usted, (ii) los fines para los que recopilamos y utilizamos dicha Informaci\u00f3n personal, (iii) si \u201cvendemos\u201d o \u201ccompartimos\u201d dicha Informaci\u00f3n personal, y (iv) el per\u00edodo de tiempo que pretendemos conservar cada categor\u00eda de Informaci\u00f3n personal o, si eso no es posible, los criterios que utilizamos para determinar nuestros per\u00edodos de conservaci\u00f3n, entre otra informaci\u00f3n relevante. Esta Pol\u00edtica de privacidad contiene dicha informaci\u00f3n en esta secci\u00f3n y en las secciones tituladas Categor\u00edas de informaci\u00f3n personal que recopilamos, C\u00f3mo utilizamos su informaci\u00f3n personal, A qui\u00e9n divulgamos la informaci\u00f3n personal y Conservaci\u00f3n de la informaci\u00f3n personal. Lea atentamente esta Pol\u00edtica de privacidad, as\u00ed como cualquier otro t\u00e9rmino que se le proporcione en el momento de la recopilaci\u00f3n de su Informaci\u00f3n personal o antes.      <\/p>\n<p>Sujeto a ciertas excepciones, los residentes de ciertos estados de EE. UU. pueden tener derechos adicionales con respecto a su Informaci\u00f3n personal. Dependiendo de su estado de residencia, sus derechos pueden incluir el derecho a: <\/p>\n<p>i. Acceso: derecho a acceder a las categor\u00edas y piezas espec\u00edficas de Informaci\u00f3n personal que hemos recopilado sobre usted, las categor\u00edas de fuentes de las que se recopil\u00f3 dicha Informaci\u00f3n personal; nuestro prop\u00f3sito comercial para recopilar dicha Informaci\u00f3n personal; y las categor\u00edas de terceros a quienes hemos divulgado dicha Informaci\u00f3n personal. <\/p>\n<p>ii. Portabilidad de datos: derecho a solicitar una copia de la Informaci\u00f3n personal que nos proporcion\u00f3 en un formato port\u00e1til y, en la medida en que sea t\u00e9cnicamente factible, f\u00e1cilmente utilizable. <\/p>\n<p>iii. Rectificaci\u00f3n: derecho a solicitar la correcci\u00f3n de la Informaci\u00f3n personal inexacta que mantenemos sobre usted. <\/p>\n<p>iv. Supresi\u00f3n: derecho a solicitar que eliminemos la Informaci\u00f3n personal que mantenemos sobre usted, sujeto a ciertas excepciones. <\/p>\n<p>v. Exclusi\u00f3n voluntaria de la elaboraci\u00f3n de perfiles: derecho a optar por no participar en la \u201celaboraci\u00f3n de perfiles\u201d para la toma de una decisi\u00f3n que produzca un efecto legal o de importancia similar.<\/p>\n<p>vi. Exclusi\u00f3n voluntaria de ventas, intercambio y publicidad dirigida: derecho a optar por no participar en la venta de su Informaci\u00f3n personal o en el intercambio o procesamiento de su Informaci\u00f3n personal para fines de publicidad dirigida. Cloyes utiliza cookies y tecnolog\u00edas de seguimiento de terceros para compartir cierta informaci\u00f3n con terceros con fines de anal\u00edtica y publicidad. Puede optar por no participar en cualquier venta de su Informaci\u00f3n personal o en el intercambio o procesamiento de su Informaci\u00f3n personal para fines de publicidad dirigida haciendo clic en \u201cSus opciones de privacidad\u201d y optando por no utilizar cookies y tecnolog\u00edas de seguimiento de terceros en nuestro Sitio web con fines de anal\u00edtica y publicidad. Adem\u00e1s, los residentes de ciertos estados pueden optar por no participar en la \u201cventa\u201d o el \u201cintercambio\u201d de su Informaci\u00f3n personal o en el procesamiento de su Informaci\u00f3n personal para fines de publicidad dirigida mediante el Control de Privacidad Global (\u201cGPC\u201d). Para obtener informaci\u00f3n sobre c\u00f3mo descargar y utilizar el GPC, visite https:\/\/globalprivacycontrol.org\/. Si utiliza diferentes navegadores o dispositivos para acceder a nuestro Sitio web, es posible que deba volver a enviar su configuraci\u00f3n de cookies y tecnolog\u00edas de seguimiento. Tenga en cuenta que nuestro sitio web no responde a las se\u00f1ales de \u201cno rastrear\u201d.      <\/p>\n<p>No discriminaremos a ning\u00fan consumidor que ejerza los derechos enumerados anteriormente. Si desea enviar una solicitud con respecto a su Informaci\u00f3n personal, puede (i) enviar un correo electr\u00f3nico a privacyinquiry@cloyes.com o (ii) llamar al 888-798-4955. Al ponerse en contacto con nosotros, especifique el derecho que desea ejercer y su estado de residencia. Acusaremos recibo de su solicitud en un plazo de 10 d\u00edas h\u00e1biles. En un plazo de 45 d\u00edas naturales, le proporcionaremos una respuesta sustancial o le notificaremos que se requiere una pr\u00f3rroga (de hasta 45 d\u00edas naturales adicionales), que incluir\u00e1 el motivo de la misma.      <\/p>\n<p>Una solicitud relacionada con su Informaci\u00f3n personal solo puede ser realizada por usted o por un agente autorizado designado por usted. Puede designar a un agente autorizado para que env\u00ede una solicitud en su nombre d\u00e1ndole su permiso por escrito (incluido un poder notarial) y tomando medidas para verificar su identidad directamente con nosotros. <\/p>\n<p>Para procesar su solicitud, debemos poder verificar su identidad o, cuando corresponda, la autoridad de su agente autorizado. Para verificar su identidad, requeriremos que (1) nos proporcione al menos dos piezas de Informaci\u00f3n personal que ya tengamos en nuestro poder o (2) presente una declaraci\u00f3n sobre su identidad bajo pena de perjurio. Utilizaremos la Informaci\u00f3n personal que nos proporcione \u00fanicamente para verificar su identidad.  <\/p>\n<p>Si denegamos su solicitud, los residentes de ciertos estados pueden tener derecho a apelar nuestra decisi\u00f3n respondiendo directamente al aviso de denegaci\u00f3n o enviando su apelaci\u00f3n por correo electr\u00f3nico a privacyinquiry@cloyes.com.<\/p>\n<p>Ley Shine the Light de California<\/p>\n<p>La Ley Shine the Light de California permite a los residentes de California solicitar, anualmente y de forma gratuita, informaci\u00f3n sobre nuestra divulgaci\u00f3n de su Informaci\u00f3n personal a terceros para fines de marketing directo de dichos terceros. No divulgamos su Informaci\u00f3n personal a terceros para tales fines. <\/p>\n<p><strong>8. Cambios en esta Pol\u00edtica de privacidad<\/strong><\/p>\n<p>Podemos actualizar o revisar esta Pol\u00edtica de privacidad de vez en cuando a nuestra entera discreci\u00f3n. Cualquier actualizaci\u00f3n o revisi\u00f3n de este tipo entrar\u00e1 en vigor a partir de la fecha de \u201c\u00daltima actualizaci\u00f3n\u201d indicada anteriormente, y le notificaremos cualquier actualizaci\u00f3n o revisi\u00f3n sustancial. Revise esta p\u00e1gina peri\u00f3dicamente para obtener la versi\u00f3n m\u00e1s reciente de nuestra Pol\u00edtica de privacidad. Su uso continuado de nuestro Sitio web despu\u00e9s de la fecha de \u201c\u00daltima actualizaci\u00f3n\u201d significar\u00e1 su reconocimiento y aceptaci\u00f3n de la Pol\u00edtica de privacidad revisada.   <\/p>\n<p><strong>9. Contacto<\/strong><\/p>\n<p>Si tiene alguna pregunta o inquietud sobre nuestra Pol\u00edtica de privacidad o una solicitud relacionada con su Informaci\u00f3n personal, p\u00f3ngase en contacto con nosotros en privacyinquiry@cloyes.com o en la siguiente direcci\u00f3n:<\/p>\n<p>3905 Ayers Rd<\/p>\n<p>Ft Smith, Arkansas 72908<\/p>\n<\/div>\t\t\t\t\t\t\t\t<\/div>\n\t\t\t\t<\/div>\n\t\t\t\t\t<\/div>\n\t\t\t\t<\/div>\n\t\t\t\t<\/div>\n\t\t","protected":false},"excerpt":{"rendered":"<p>\u00daltima actualizaci\u00f3n: enero de 2026 Cloyes Gear and Products, Inc. (\u201cCloyes\u201d, \u201cnosotros\u201d, \u201cnos\u201d, \u201cnuestro\u201d) se compromete a proteger su privacidad. [&hellip;]<\/p>\n","protected":false},"author":2,"featured_media":0,"parent":0,"menu_order":0,"comment_status":"closed","ping_status":"closed","template":"elementor_header_footer","meta":{"_acf_changed":false,"site-sidebar-layout":"no-sidebar","site-content-layout":"","ast-site-content-layout":"full-width-container","site-content-style":"default","site-sidebar-style":"default","ast-global-header-display":"","ast-banner-title-visibility":"","ast-main-header-display":"","ast-hfb-above-header-display":"","ast-hfb-below-header-display":"","ast-hfb-mobile-header-display":"","site-post-title":"disabled","ast-breadcrumbs-content":"","ast-featured-img":"disabled","footer-sml-layout":"","ast-disable-related-posts":"","theme-transparent-header-meta":"","adv-header-id-meta":"","stick-header-meta":"","header-above-stick-meta":"","header-main-stick-meta":"","header-below-stick-meta":"","astra-migrate-meta-layouts":"default","ast-page-background-enabled":"default","ast-page-background-meta":{"desktop":{"background-color":"var(--ast-global-color-4)","background-image":"","background-repeat":"repeat","background-position":"center center","background-size":"auto","background-attachment":"scroll","background-type":"","background-media":"","overlay-type":"","overlay-color":"","overlay-opacity":"","overlay-gradient":""},"tablet":{"background-color":"","background-image":"","background-repeat":"repeat","background-position":"center center","background-size":"auto","background-attachment":"scroll","background-type":"","background-media":"","overlay-type":"","overlay-color":"","overlay-opacity":"","overlay-gradient":""},"mobile":{"background-color":"","background-image":"","background-repeat":"repeat","background-position":"center center","background-size":"auto","background-attachment":"scroll","background-type":"","background-media":"","overlay-type":"","overlay-color":"","overlay-opacity":"","overlay-gradient":""}},"ast-content-background-meta":{"desktop":{"background-color":"var(--ast-global-color-5)","background-image":"","background-repeat":"repeat","background-position":"center center","background-size":"auto","background-attachment":"scroll","background-type":"","background-media":"","overlay-type":"","overlay-color":"","overlay-opacity":"","overlay-gradient":""},"tablet":{"background-color":"var(--ast-global-color-5)","background-image":"","background-repeat":"repeat","background-position":"center center","background-size":"auto","background-attachment":"scroll","background-type":"","background-media":"","overlay-type":"","overlay-color":"","overlay-opacity":"","overlay-gradient":""},"mobile":{"background-color":"var(--ast-global-color-5)","background-image":"","background-repeat":"repeat","background-position":"center center","background-size":"auto","background-attachment":"scroll","background-type":"","background-media":"","overlay-type":"","overlay-color":"","overlay-opacity":"","overlay-gradient":""}},"footnotes":""},"class_list":["post-1398","page","type-page","status-publish","hentry","data-pub-2025-10-01"],"acf":[],"_links":{"self":[{"href":"https:\/\/shopmasters.org\/es\/wp-json\/wp\/v2\/pages\/1398","targetHints":{"allow":["GET"]}}],"collection":[{"href":"https:\/\/shopmasters.org\/es\/wp-json\/wp\/v2\/pages"}],"about":[{"href":"https:\/\/shopmasters.org\/es\/wp-json\/wp\/v2\/types\/page"}],"author":[{"embeddable":true,"href":"https:\/\/shopmasters.org\/es\/wp-json\/wp\/v2\/users\/2"}],"replies":[{"embeddable":true,"href":"https:\/\/shopmasters.org\/es\/wp-json\/wp\/v2\/comments?post=1398"}],"version-history":[{"count":0,"href":"https:\/\/shopmasters.org\/es\/wp-json\/wp\/v2\/pages\/1398\/revisions"}],"wp:attachment":[{"href":"https:\/\/shopmasters.org\/es\/wp-json\/wp\/v2\/media?parent=1398"}],"curies":[{"name":"wp","href":"https:\/\/api.w.org\/{rel}","templated":true}]}}