{"id":1314,"date":"2025-09-16T11:31:55","date_gmt":"2025-09-16T15:31:55","guid":{"rendered":"https:\/\/dvshopmasters.wpenginepowered.com\/eventos\/"},"modified":"2026-04-07T12:15:02","modified_gmt":"2026-04-07T16:15:02","slug":"eventos","status":"publish","type":"page","link":"https:\/\/shopmasters.org\/es\/eventos\/","title":{"rendered":"Eventos"},"content":{"rendered":"\t\t<div data-elementor-type=\"wp-page\" data-elementor-id=\"1314\" class=\"elementor elementor-1314 elementor-917\" data-elementor-post-type=\"page\">\n\t\t\t\t<div class=\"elementor-element elementor-element-420fa8b e-flex e-con-boxed e-con e-parent\" data-id=\"420fa8b\" data-element_type=\"container\" data-e-type=\"container\" data-settings=\"{&quot;background_background&quot;:&quot;classic&quot;}\">\n\t\t\t\t\t<div class=\"e-con-inner\">\n\t\t\t\t<div class=\"elementor-element elementor-element-5e7f955 elementor-widget elementor-widget-heading\" data-id=\"5e7f955\" data-element_type=\"widget\" data-e-type=\"widget\" data-widget_type=\"heading.default\">\n\t\t\t\t\t<h1 class=\"elementor-heading-title elementor-size-default\">Eventos<\/h1>\t\t\t\t<\/div>\n\t\t\t\t\t<\/div>\n\t\t\t\t<\/div>\n\t\t<div class=\"elementor-element elementor-element-b4eb29e e-flex e-con-boxed e-con e-parent\" data-id=\"b4eb29e\" data-element_type=\"container\" data-e-type=\"container\" data-settings=\"{&quot;background_background&quot;:&quot;classic&quot;}\">\n\t\t\t\t\t<div class=\"e-con-inner\">\n\t\t<div class=\"elementor-element elementor-element-53e42ec e-con-full e-flex e-con e-child\" data-id=\"53e42ec\" data-element_type=\"container\" data-e-type=\"container\">\n\t\t<div class=\"elementor-element elementor-element-90cf7a5 e-con-full e-flex e-con e-child\" data-id=\"90cf7a5\" data-element_type=\"container\" data-e-type=\"container\">\n\t\t\t\t<div class=\"elementor-element elementor-element-79ac09a elementor-widget elementor-widget-heading\" data-id=\"79ac09a\" data-element_type=\"widget\" data-e-type=\"widget\" data-widget_type=\"heading.default\">\n\t\t\t\t\t<h3 class=\"elementor-heading-title elementor-size-default\">\u00bfQu\u00e9 esta pasando en la industria automotr\u00edz?<\/h3>\t\t\t\t<\/div>\n\t\t\t\t<\/div>\n\t\t\t\t<\/div>\n\t\t<div class=\"elementor-element elementor-element-f93b37b e-con-full e-flex e-con e-child\" data-id=\"f93b37b\" data-element_type=\"container\" data-e-type=\"container\">\n\t\t<div class=\"elementor-element elementor-element-d2473f0 e-con-full e-flex e-con e-child\" data-id=\"d2473f0\" data-element_type=\"container\" data-e-type=\"container\">\n\t\t\t\t<div class=\"elementor-element elementor-element-a825828 elementor-widget elementor-widget-text-editor\" data-id=\"a825828\" data-element_type=\"widget\" data-e-type=\"widget\" data-widget_type=\"text-editor.default\">\n\t\t\t\t\t\t\t\t\t<p><span data-teams=\"true\">Prepare su calendario. Estos son algunos de los eventos m\u00e1s relevantes que no te puedes perder y en los que estaremos presentes. Si asistes, ac\u00e9rcate con nosotros, ser\u00e1 un gusto saludarte y compartir experiencias.   Si asiste, ac\u00e9rquese a saludarnos. <\/span><\/p>\t\t\t\t\t\t\t\t<\/div>\n\t\t\t\t<\/div>\n\t\t\t\t<\/div>\n\t\t\t\t\t<\/div>\n\t\t\t\t<\/div>\n\t\t<div class=\"elementor-element elementor-element-245e567 e-flex e-con-boxed e-con e-parent\" data-id=\"245e567\" data-element_type=\"container\" data-e-type=\"container\" data-settings=\"{&quot;background_background&quot;:&quot;classic&quot;}\">\n\t\t\t\t\t<div class=\"e-con-inner\">\n\t\t<div class=\"elementor-element elementor-element-cc46dd0 e-con-full e-flex e-con e-child\" data-id=\"cc46dd0\" data-element_type=\"container\" data-e-type=\"container\">\n\t\t\t\t<div class=\"elementor-element elementor-element-47d6835 elementor-widget elementor-widget-text-editor\" data-id=\"47d6835\" data-element_type=\"widget\" data-e-type=\"widget\" data-widget_type=\"text-editor.default\">\n\t\t\t\t\t\t\t\t\t<p>* Eventos a los que asistiremos<\/p>\t\t\t\t\t\t\t\t<\/div>\n\t\t<div class=\"elementor-element elementor-element-b34a66e e-grid e-con-full e-con e-child\" data-id=\"b34a66e\" data-element_type=\"container\" data-e-type=\"container\">\n\t\t\t\t<div class=\"elementor-element elementor-element-171ff01 elementor-position-right elementor-vertical-align-middle elementor-position-right elementor-vertical-align-middle elementor-widget elementor-widget-image-box\" data-id=\"171ff01\" data-element_type=\"widget\" data-e-type=\"widget\" data-widget_type=\"image-box.default\">\n\t\t\t\t\t<div class=\"elementor-image-box-wrapper\"><figure class=\"elementor-image-box-img\"><a href=\"https:\/\/www.hdaw.org\/\" target=\"_blank\" tabindex=\"-1\"><img decoding=\"async\" width=\"300\" height=\"104\" src=\"https:\/\/shopmasters.org\/wp-content\/uploads\/2025\/09\/icon-hdaw26-300x300-1.jpg\" class=\"attachment-full size-full wp-image-1318\" alt=\"Logotipo de HDAW 2026\" title=\"Eventos\"><\/a><\/figure><div class=\"elementor-image-box-content\"><h4 class=\"elementor-image-box-title\"><a href=\"https:\/\/www.hdaw.org\/\" target=\"_blank\">HDAW 2026<\/a><\/h4><p class=\"elementor-image-box-description\">19-22 de enero de 2026: Grapevine, TX<\/p><\/div><\/div>\t\t\t\t<\/div>\n\t\t\t\t<div class=\"elementor-element elementor-element-e7b15c5 elementor-position-right elementor-vertical-align-middle elementor-position-right elementor-vertical-align-middle elementor-widget elementor-widget-image-box\" data-id=\"e7b15c5\" data-element_type=\"widget\" data-e-type=\"widget\" data-widget_type=\"image-box.default\">\n\t\t\t\t\t<div class=\"elementor-image-box-wrapper\"><figure class=\"elementor-image-box-img\"><a href=\"https:\/\/www.nada.org\/nada-show-attend\" target=\"_blank\" tabindex=\"-1\"><img fetchpriority=\"high\" decoding=\"async\" width=\"600\" height=\"133\" src=\"https:\/\/shopmasters.org\/wp-content\/uploads\/2026\/01\/logo-nada.png\" class=\"attachment-full size-full wp-image-1325\" alt=\"Logotipo de NADA Show\" title=\"Eventos\" srcset=\"https:\/\/shopmasters.org\/wp-content\/uploads\/2026\/01\/logo-nada.png 600w, https:\/\/shopmasters.org\/wp-content\/uploads\/2026\/01\/logo-nada-300x67.png 300w\" sizes=\"(max-width: 600px) 100vw, 600px\" \/><\/a><\/figure><div class=\"elementor-image-box-content\"><h4 class=\"elementor-image-box-title\"><a href=\"https:\/\/www.nada.org\/nada-show-attend\" target=\"_blank\">NADA Show<\/a><\/h4><p class=\"elementor-image-box-description\">3-6 de febrero de 2026: Las Vegas, NV<\/p><\/div><\/div>\t\t\t\t<\/div>\n\t\t\t\t<div class=\"elementor-element elementor-element-66f3b3f elementor-position-right elementor-vertical-align-middle elementor-position-right elementor-vertical-align-middle elementor-widget elementor-widget-image-box\" data-id=\"66f3b3f\" data-element_type=\"widget\" data-e-type=\"widget\" data-widget_type=\"image-box.default\">\n\t\t\t\t\t<div class=\"elementor-image-box-wrapper\"><figure class=\"elementor-image-box-img\"><a href=\"https:\/\/visionkc.com\/\" target=\"_blank\" tabindex=\"-1\"><img decoding=\"async\" width=\"600\" height=\"245\" src=\"https:\/\/shopmasters.org\/wp-content\/uploads\/2026\/01\/logo-vision.png\" class=\"attachment-full size-full wp-image-1324\" alt=\"Logotipo de Vision Hi-Tech Training &amp; Expo\" title=\"Eventos\" srcset=\"https:\/\/shopmasters.org\/wp-content\/uploads\/2026\/01\/logo-vision.png 600w, https:\/\/shopmasters.org\/wp-content\/uploads\/2026\/01\/logo-vision-300x123.png 300w\" sizes=\"(max-width: 600px) 100vw, 600px\" \/><\/a><\/figure><div class=\"elementor-image-box-content\"><h4 class=\"elementor-image-box-title\"><a href=\"https:\/\/visionkc.com\/\" target=\"_blank\">Vision Hi-Tech Training &amp; Expo<\/a><\/h4><p class=\"elementor-image-box-description\">5-8 de marzo de 2026: Overland Park, KS<\/p><\/div><\/div>\t\t\t\t<\/div>\n\t\t\t\t<div class=\"elementor-element elementor-element-35c6421 elementor-position-right elementor-vertical-align-middle elementor-position-right elementor-vertical-align-middle elementor-widget elementor-widget-image-box\" data-id=\"35c6421\" data-element_type=\"widget\" data-e-type=\"widget\" data-widget_type=\"image-box.default\">\n\t\t\t\t\t<div class=\"elementor-image-box-wrapper\"><figure class=\"elementor-image-box-img\"><a href=\"https:\/\/cms.lordco.com\/tradeshow\/\" target=\"_blank\" tabindex=\"-1\"><img loading=\"lazy\" decoding=\"async\" width=\"600\" height=\"254\" src=\"https:\/\/shopmasters.org\/wp-content\/uploads\/2026\/01\/logo-lorco.png\" class=\"attachment-full size-full wp-image-1323\" alt=\"Logotipo de Lordco Tradeshow\" title=\"Eventos\" srcset=\"https:\/\/shopmasters.org\/wp-content\/uploads\/2026\/01\/logo-lorco.png 600w, https:\/\/shopmasters.org\/wp-content\/uploads\/2026\/01\/logo-lorco-300x127.png 300w\" sizes=\"(max-width: 600px) 100vw, 600px\" \/><\/a><\/figure><div class=\"elementor-image-box-content\"><h4 class=\"elementor-image-box-title\"><a href=\"https:\/\/cms.lordco.com\/tradeshow\/\" target=\"_blank\">Lordco Auto Parts Trade Show*<\/a><\/h4><p class=\"elementor-image-box-description\">8-9 de abril de 2026: Vancouver, CAN<\/p><\/div><\/div>\t\t\t\t<\/div>\n\t\t\t\t<div class=\"elementor-element elementor-element-f9219f3 elementor-position-right elementor-vertical-align-middle elementor-position-right elementor-vertical-align-middle elementor-widget elementor-widget-image-box\" data-id=\"f9219f3\" data-element_type=\"widget\" data-e-type=\"widget\" data-widget_type=\"image-box.default\">\n\t\t\t\t\t<div class=\"elementor-image-box-wrapper\"><figure class=\"elementor-image-box-img\"><a href=\"https:\/\/www.truckworld.ca\/\" target=\"_blank\" tabindex=\"-1\"><img loading=\"lazy\" decoding=\"async\" width=\"600\" height=\"194\" src=\"https:\/\/shopmasters.org\/wp-content\/uploads\/2026\/01\/logo-truck-world.png\" class=\"attachment-full size-full wp-image-1322\" alt=\"Logotipo de Truck World\" title=\"Eventos\" srcset=\"https:\/\/shopmasters.org\/wp-content\/uploads\/2026\/01\/logo-truck-world.png 600w, https:\/\/shopmasters.org\/wp-content\/uploads\/2026\/01\/logo-truck-world-300x97.png 300w\" sizes=\"(max-width: 600px) 100vw, 600px\" \/><\/a><\/figure><div class=\"elementor-image-box-content\"><h4 class=\"elementor-image-box-title\"><a href=\"https:\/\/www.truckworld.ca\/\" target=\"_blank\">Truck World*<\/a><\/h4><p class=\"elementor-image-box-description\">16-18 de abril de 2026: Mississauga, CAN<\/p><\/div><\/div>\t\t\t\t<\/div>\n\t\t\t\t<div class=\"elementor-element elementor-element-2782eb1 elementor-position-right elementor-vertical-align-middle elementor-position-right elementor-vertical-align-middle elementor-widget elementor-widget-image-box\" data-id=\"2782eb1\" data-element_type=\"widget\" data-e-type=\"widget\" data-widget_type=\"image-box.default\">\n\t\t\t\t\t<div class=\"elementor-image-box-wrapper\"><figure class=\"elementor-image-box-img\"><a href=\"https:\/\/www.lsfest.com\/texas\/\" target=\"_blank\" tabindex=\"-1\"><img loading=\"lazy\" decoding=\"async\" width=\"500\" height=\"78\" src=\"https:\/\/shopmasters.org\/wp-content\/uploads\/2026\/01\/logo-holley.png\" class=\"attachment-full size-full wp-image-1321\" alt=\"Logotipo de Holley - LS Fest\" title=\"Eventos\" srcset=\"https:\/\/shopmasters.org\/wp-content\/uploads\/2026\/01\/logo-holley.png 500w, https:\/\/shopmasters.org\/wp-content\/uploads\/2026\/01\/logo-holley-300x47.png 300w\" sizes=\"(max-width: 500px) 100vw, 500px\" \/><\/a><\/figure><div class=\"elementor-image-box-content\"><h4 class=\"elementor-image-box-title\"><a href=\"https:\/\/www.lsfest.com\/texas\/\" target=\"_blank\">Holley - LS Fest*<\/a><\/h4><p class=\"elementor-image-box-description\">15-16 de mayo de 2026: Dallas, TX<\/p><\/div><\/div>\t\t\t\t<\/div>\n\t\t\t\t<div class=\"elementor-element elementor-element-8022723 elementor-position-right elementor-vertical-align-middle elementor-position-right elementor-vertical-align-middle elementor-widget elementor-widget-image-box\" data-id=\"8022723\" data-element_type=\"widget\" data-e-type=\"widget\" data-widget_type=\"image-box.default\">\n\t\t\t\t\t<div class=\"elementor-image-box-wrapper\"><figure class=\"elementor-image-box-img\"><a href=\"https:\/\/astausa.org\/pages\/asta-expo\" target=\"_blank\" tabindex=\"-1\"><img loading=\"lazy\" decoding=\"async\" width=\"395\" height=\"212\" src=\"https:\/\/shopmasters.org\/wp-content\/uploads\/2026\/01\/logo-astta.png\" class=\"attachment-full size-full wp-image-1320\" alt=\"Logotipo de ASTA Expo\" title=\"Eventos\" srcset=\"https:\/\/shopmasters.org\/wp-content\/uploads\/2026\/01\/logo-astta.png 395w, https:\/\/shopmasters.org\/wp-content\/uploads\/2026\/01\/logo-astta-300x161.png 300w\" sizes=\"(max-width: 395px) 100vw, 395px\" \/><\/a><\/figure><div class=\"elementor-image-box-content\"><h4 class=\"elementor-image-box-title\"><a href=\"https:\/\/astausa.org\/pages\/asta-expo\" target=\"_blank\">ASTA Expo<\/a><\/h4><p class=\"elementor-image-box-description\">25-27 de septiembre de 2026: Raleigh, NC<\/p><\/div><\/div>\t\t\t\t<\/div>\n\t\t\t\t<div class=\"elementor-element elementor-element-8e16b5a elementor-position-right elementor-vertical-align-middle elementor-position-right elementor-vertical-align-middle elementor-widget elementor-widget-image-box\" data-id=\"8e16b5a\" data-element_type=\"widget\" data-e-type=\"widget\" data-widget_type=\"image-box.default\">\n\t\t\t\t\t<div class=\"elementor-image-box-wrapper\"><figure class=\"elementor-image-box-img\"><a href=\"https:\/\/www.aapexshow.com\/\" target=\"_blank\" tabindex=\"-1\"><img loading=\"lazy\" decoding=\"async\" width=\"600\" height=\"200\" src=\"https:\/\/shopmasters.org\/wp-content\/uploads\/2025\/09\/AAPEX-Logo-wTagline_2026.jpg\" class=\"attachment-full size-full wp-image-1316\" alt=\"Logotipo de AAPEX Show\" title=\"Eventos\" srcset=\"https:\/\/shopmasters.org\/wp-content\/uploads\/2025\/09\/AAPEX-Logo-wTagline_2026.jpg 600w, https:\/\/shopmasters.org\/wp-content\/uploads\/2025\/09\/AAPEX-Logo-wTagline_2026-300x100.jpg 300w\" sizes=\"(max-width: 600px) 100vw, 600px\" \/><\/a><\/figure><div class=\"elementor-image-box-content\"><h4 class=\"elementor-image-box-title\"><a href=\"https:\/\/www.aapexshow.com\/\" target=\"_blank\">AAPEX*<\/a><\/h4><p class=\"elementor-image-box-description\">3-5 de noviembre de 2026: Las Vegas, NV<\/p><\/div><\/div>\t\t\t\t<\/div>\n\t\t\t\t<div class=\"elementor-element elementor-element-7b85b65 elementor-position-right elementor-vertical-align-middle elementor-position-right elementor-vertical-align-middle elementor-widget elementor-widget-image-box\" data-id=\"7b85b65\" data-element_type=\"widget\" data-e-type=\"widget\" data-widget_type=\"image-box.default\">\n\t\t\t\t\t<div class=\"elementor-image-box-wrapper\"><figure class=\"elementor-image-box-img\"><a href=\"https:\/\/www.semashow.com\/\" target=\"_blank\" tabindex=\"-1\"><img loading=\"lazy\" decoding=\"async\" width=\"600\" height=\"223\" src=\"https:\/\/shopmasters.org\/wp-content\/uploads\/2026\/01\/logo-sema.png\" class=\"attachment-full size-full wp-image-1319\" alt=\"Logotipo de SEMA Show\" title=\"Eventos\" srcset=\"https:\/\/shopmasters.org\/wp-content\/uploads\/2026\/01\/logo-sema.png 600w, https:\/\/shopmasters.org\/wp-content\/uploads\/2026\/01\/logo-sema-300x112.png 300w\" sizes=\"(max-width: 600px) 100vw, 600px\" \/><\/a><\/figure><div class=\"elementor-image-box-content\"><h4 class=\"elementor-image-box-title\"><a href=\"https:\/\/www.semashow.com\/\" target=\"_blank\">SEMA Show<\/a><\/h4><p class=\"elementor-image-box-description\">3-6 de noviembre de 2026: Las Vegas, NV<\/p><\/div><\/div>\t\t\t\t<\/div>\n\t\t\t\t<div class=\"elementor-element elementor-element-e43e5d2 elementor-position-right elementor-vertical-align-middle elementor-position-right elementor-vertical-align-middle elementor-widget elementor-widget-image-box\" data-id=\"e43e5d2\" data-element_type=\"widget\" data-e-type=\"widget\" data-widget_type=\"image-box.default\">\n\t\t\t\t\t<div class=\"elementor-image-box-wrapper\"><figure class=\"elementor-image-box-img\"><a href=\"https:\/\/www.performanceracing.com\/tradeshow\" target=\"_blank\" tabindex=\"-1\"><img loading=\"lazy\" decoding=\"async\" width=\"340\" height=\"84\" src=\"https:\/\/shopmasters.org\/wp-content\/uploads\/2025\/09\/pri-logo.jpg\" class=\"attachment-full size-full wp-image-1317\" alt=\"Logotipo de PRI Show\" title=\"Eventos\" srcset=\"https:\/\/shopmasters.org\/wp-content\/uploads\/2025\/09\/pri-logo.jpg 340w, https:\/\/shopmasters.org\/wp-content\/uploads\/2025\/09\/pri-logo-300x74.jpg 300w\" sizes=\"(max-width: 340px) 100vw, 340px\" \/><\/a><\/figure><div class=\"elementor-image-box-content\"><h4 class=\"elementor-image-box-title\"><a href=\"https:\/\/www.performanceracing.com\/tradeshow\" target=\"_blank\">PRI Show*<\/a><\/h4><p class=\"elementor-image-box-description\">10-12 de diciembre de 2026: Indianapolis, NC<\/p><\/div><\/div>\t\t\t\t<\/div>\n\t\t\t\t<\/div>\n\t\t\t\t<\/div>\n\t\t\t\t\t<\/div>\n\t\t\t\t<\/div>\n\t\t<div class=\"elementor-element elementor-element-9370032 elementor-hidden-desktop elementor-hidden-tablet elementor-hidden-mobile e-flex e-con-boxed e-con e-parent\" data-id=\"9370032\" data-element_type=\"container\" data-e-type=\"container\" data-settings=\"{&quot;background_background&quot;:&quot;classic&quot;}\">\n\t\t\t\t\t<div class=\"e-con-inner\">\n\t\t<div class=\"elementor-element elementor-element-143ed5f e-con-full e-flex e-con e-child\" data-id=\"143ed5f\" data-element_type=\"container\" data-e-type=\"container\">\n\t\t<div class=\"elementor-element elementor-element-6c7b53b e-grid e-con-full e-con e-child\" data-id=\"6c7b53b\" data-element_type=\"container\" data-e-type=\"container\">\n\t\t\t\t<div class=\"elementor-element elementor-element-3afdc23 elementor-position-right elementor-vertical-align-middle elementor-position-right elementor-vertical-align-middle elementor-widget elementor-widget-image-box\" data-id=\"3afdc23\" data-element_type=\"widget\" data-e-type=\"widget\" data-widget_type=\"image-box.default\">\n\t\t\t\t\t<div class=\"elementor-image-box-wrapper\"><figure class=\"elementor-image-box-img\"><a href=\"https:\/\/www.hdaw.org\/\" target=\"_blank\" tabindex=\"-1\"><img decoding=\"async\" width=\"300\" height=\"104\" src=\"https:\/\/shopmasters.org\/wp-content\/uploads\/2025\/09\/icon-hdaw26-300x300-1.jpg\" class=\"attachment-full size-full wp-image-1318\" alt=\"Logotipo de HDAW 2026\" title=\"Eventos\"><\/a><\/figure><div class=\"elementor-image-box-content\"><h4 class=\"elementor-image-box-title\"><a href=\"https:\/\/www.hdaw.org\/\" target=\"_blank\">HDAW 2026<\/a><\/h4><p class=\"elementor-image-box-description\">19-22 de enero de 2026: Grapevine, TX<\/p><\/div><\/div>\t\t\t\t<\/div>\n\t\t\t\t<div class=\"elementor-element elementor-element-a80a0aa elementor-position-right elementor-vertical-align-middle elementor-position-right elementor-vertical-align-middle elementor-widget elementor-widget-image-box\" data-id=\"a80a0aa\" data-element_type=\"widget\" data-e-type=\"widget\" data-widget_type=\"image-box.default\">\n\t\t\t\t\t<div class=\"elementor-image-box-wrapper\"><figure class=\"elementor-image-box-img\"><a href=\"https:\/\/www.performanceracing.com\/tradeshow\" target=\"_blank\" tabindex=\"-1\"><img loading=\"lazy\" decoding=\"async\" width=\"340\" height=\"84\" src=\"https:\/\/shopmasters.org\/wp-content\/uploads\/2025\/09\/pri-logo.jpg\" class=\"attachment-full size-full wp-image-1317\" alt=\"Logotipo de PRI Show\" title=\"Eventos\" srcset=\"https:\/\/shopmasters.org\/wp-content\/uploads\/2025\/09\/pri-logo.jpg 340w, https:\/\/shopmasters.org\/wp-content\/uploads\/2025\/09\/pri-logo-300x74.jpg 300w\" sizes=\"(max-width: 340px) 100vw, 340px\" \/><\/a><\/figure><div class=\"elementor-image-box-content\"><h4 class=\"elementor-image-box-title\"><a href=\"https:\/\/www.performanceracing.com\/tradeshow\" target=\"_blank\">PRI Show 2025<\/a><\/h4><p class=\"elementor-image-box-description\">10-12 de diciembre de 2025: Indianapolis, IN<\/p><\/div><\/div>\t\t\t\t<\/div>\n\t\t\t\t<div class=\"elementor-element elementor-element-67eba20 elementor-position-right elementor-vertical-align-middle elementor-position-right elementor-vertical-align-middle elementor-widget elementor-widget-image-box\" data-id=\"67eba20\" data-element_type=\"widget\" data-e-type=\"widget\" data-widget_type=\"image-box.default\">\n\t\t\t\t\t<div class=\"elementor-image-box-wrapper\"><figure class=\"elementor-image-box-img\"><a href=\"https:\/\/www.aapexshow.com\/\" target=\"_blank\" tabindex=\"-1\"><img loading=\"lazy\" decoding=\"async\" width=\"600\" height=\"200\" src=\"https:\/\/shopmasters.org\/wp-content\/uploads\/2025\/09\/AAPEX-Logo-wTagline_2026.jpg\" class=\"attachment-full size-full wp-image-1316\" alt=\"Logotipo de AAPEX Show\" title=\"Eventos\" srcset=\"https:\/\/shopmasters.org\/wp-content\/uploads\/2025\/09\/AAPEX-Logo-wTagline_2026.jpg 600w, https:\/\/shopmasters.org\/wp-content\/uploads\/2025\/09\/AAPEX-Logo-wTagline_2026-300x100.jpg 300w\" sizes=\"(max-width: 600px) 100vw, 600px\" \/><\/a><\/figure><div class=\"elementor-image-box-content\"><h4 class=\"elementor-image-box-title\"><a href=\"https:\/\/www.aapexshow.com\/\" target=\"_blank\">AAPEX Show 2025<\/a><\/h4><p class=\"elementor-image-box-description\">7-9 de noviembre de 2025: \nLas Vegas, NV (stand de Cloyes n.\u00ba A4832)<\/p><\/div><\/div>\t\t\t\t<\/div>\n\t\t\t\t<div class=\"elementor-element elementor-element-7bd64e8 elementor-position-right elementor-vertical-align-middle elementor-position-right elementor-vertical-align-middle elementor-widget elementor-widget-image-box\" data-id=\"7bd64e8\" data-element_type=\"widget\" data-e-type=\"widget\" data-widget_type=\"image-box.default\">\n\t\t\t\t\t<div class=\"elementor-image-box-wrapper\"><figure class=\"elementor-image-box-img\"><a href=\"https:\/\/www.rwconference.com\/\" target=\"_blank\" tabindex=\"-1\"><img loading=\"lazy\" decoding=\"async\" width=\"1084\" height=\"403\" src=\"https:\/\/shopmasters.org\/wp-content\/uploads\/2025\/09\/4515722-6706a85d84283.png\" class=\"attachment-full size-full wp-image-1315\" alt=\"Logotipo de Ratchet+Wrench Management Conference 2025\" title=\"Eventos\" srcset=\"https:\/\/shopmasters.org\/wp-content\/uploads\/2025\/09\/4515722-6706a85d84283.png 1084w, https:\/\/shopmasters.org\/wp-content\/uploads\/2025\/09\/4515722-6706a85d84283-300x112.png 300w, https:\/\/shopmasters.org\/wp-content\/uploads\/2025\/09\/4515722-6706a85d84283-1024x381.png 1024w, https:\/\/shopmasters.org\/wp-content\/uploads\/2025\/09\/4515722-6706a85d84283-768x286.png 768w\" sizes=\"(max-width: 1084px) 100vw, 1084px\" \/><\/a><\/figure><div class=\"elementor-image-box-content\"><h4 class=\"elementor-image-box-title\"><a href=\"https:\/\/www.rwconference.com\/\" target=\"_blank\">Ratchet+Wrench Management Conference 2025<\/a><\/h4><p class=\"elementor-image-box-description\">8-10 de octubre de 2025:\nGlendale, AZ (stand n.\u00ba 43)<\/p><\/div><\/div>\t\t\t\t<\/div>\n\t\t\t\t<\/div>\n\t\t\t\t<\/div>\n\t\t\t\t\t<\/div>\n\t\t\t\t<\/div>\n\t\t\t\t<\/div>\n\t\t","protected":false},"excerpt":{"rendered":"<p>\u00bfQu\u00e9 esta pasando en la industria automotr\u00edz? Prepare su calendario. Estos son algunos de los eventos m\u00e1s relevantes que no [&hellip;]<\/p>\n","protected":false},"author":2,"featured_media":0,"parent":0,"menu_order":0,"comment_status":"closed","ping_status":"closed","template":"elementor_header_footer","meta":{"_acf_changed":false,"site-sidebar-layout":"no-sidebar","site-content-layout":"","ast-site-content-layout":"full-width-container","site-content-style":"default","site-sidebar-style":"default","ast-global-header-display":"","ast-banner-title-visibility":"","ast-main-header-display":"","ast-hfb-above-header-display":"","ast-hfb-below-header-display":"","ast-hfb-mobile-header-display":"","site-post-title":"disabled","ast-breadcrumbs-content":"","ast-featured-img":"disabled","footer-sml-layout":"","ast-disable-related-posts":"","theme-transparent-header-meta":"","adv-header-id-meta":"","stick-header-meta":"","header-above-stick-meta":"","header-main-stick-meta":"","header-below-stick-meta":"","astra-migrate-meta-layouts":"default","ast-page-background-enabled":"default","ast-page-background-meta":{"desktop":{"background-color":"var(--ast-global-color-4)","background-image":"","background-repeat":"repeat","background-position":"center center","background-size":"auto","background-attachment":"scroll","background-type":"","background-media":"","overlay-type":"","overlay-color":"","overlay-opacity":"","overlay-gradient":""},"tablet":{"background-color":"","background-image":"","background-repeat":"repeat","background-position":"center center","background-size":"auto","background-attachment":"scroll","background-type":"","background-media":"","overlay-type":"","overlay-color":"","overlay-opacity":"","overlay-gradient":""},"mobile":{"background-color":"","background-image":"","background-repeat":"repeat","background-position":"center center","background-size":"auto","background-attachment":"scroll","background-type":"","background-media":"","overlay-type":"","overlay-color":"","overlay-opacity":"","overlay-gradient":""}},"ast-content-background-meta":{"desktop":{"background-color":"var(--ast-global-color-5)","background-image":"","background-repeat":"repeat","background-position":"center center","background-size":"auto","background-attachment":"scroll","background-type":"","background-media":"","overlay-type":"","overlay-color":"","overlay-opacity":"","overlay-gradient":""},"tablet":{"background-color":"var(--ast-global-color-5)","background-image":"","background-repeat":"repeat","background-position":"center center","background-size":"auto","background-attachment":"scroll","background-type":"","background-media":"","overlay-type":"","overlay-color":"","overlay-opacity":"","overlay-gradient":""},"mobile":{"background-color":"var(--ast-global-color-5)","background-image":"","background-repeat":"repeat","background-position":"center center","background-size":"auto","background-attachment":"scroll","background-type":"","background-media":"","overlay-type":"","overlay-color":"","overlay-opacity":"","overlay-gradient":""}},"footnotes":""},"class_list":["post-1314","page","type-page","status-publish","hentry","data-pub-2025-09-16"],"acf":[],"_links":{"self":[{"href":"https:\/\/shopmasters.org\/es\/wp-json\/wp\/v2\/pages\/1314","targetHints":{"allow":["GET"]}}],"collection":[{"href":"https:\/\/shopmasters.org\/es\/wp-json\/wp\/v2\/pages"}],"about":[{"href":"https:\/\/shopmasters.org\/es\/wp-json\/wp\/v2\/types\/page"}],"author":[{"embeddable":true,"href":"https:\/\/shopmasters.org\/es\/wp-json\/wp\/v2\/users\/2"}],"replies":[{"embeddable":true,"href":"https:\/\/shopmasters.org\/es\/wp-json\/wp\/v2\/comments?post=1314"}],"version-history":[{"count":0,"href":"https:\/\/shopmasters.org\/es\/wp-json\/wp\/v2\/pages\/1314\/revisions"}],"wp:attachment":[{"href":"https:\/\/shopmasters.org\/es\/wp-json\/wp\/v2\/media?parent=1314"}],"curies":[{"name":"wp","href":"https:\/\/api.w.org\/{rel}","templated":true}]}}