{"id":1296,"date":"2025-09-17T16:10:49","date_gmt":"2025-09-17T20:10:49","guid":{"rendered":"https:\/\/dvshopmasters.wpenginepowered.com\/unase\/"},"modified":"2026-02-24T10:26:07","modified_gmt":"2026-02-24T15:26:07","slug":"unase","status":"publish","type":"page","link":"https:\/\/shopmasters.org\/es\/unase\/","title":{"rendered":"\u00danase"},"content":{"rendered":"\t\t<div data-elementor-type=\"wp-page\" data-elementor-id=\"1296\" class=\"elementor elementor-1296 elementor-927\" data-elementor-post-type=\"page\">\n\t\t\t\t<div class=\"elementor-element elementor-element-420fa8b e-flex e-con-boxed e-con e-parent\" data-id=\"420fa8b\" data-element_type=\"container\" data-e-type=\"container\" data-settings=\"{&quot;background_background&quot;:&quot;classic&quot;}\">\n\t\t\t\t\t<div class=\"e-con-inner\">\n\t\t\t\t<div class=\"elementor-element elementor-element-f19bd29 elementor-widget elementor-widget-heading\" data-id=\"f19bd29\" data-element_type=\"widget\" data-e-type=\"widget\" data-widget_type=\"heading.default\">\n\t\t\t\t\t<h1 class=\"elementor-heading-title elementor-size-default\">\u00danase<\/h1>\t\t\t\t<\/div>\n\t\t\t\t\t<\/div>\n\t\t\t\t<\/div>\n\t\t<div class=\"elementor-element elementor-element-1521da4 e-flex e-con-boxed e-con e-parent\" data-id=\"1521da4\" data-element_type=\"container\" data-e-type=\"container\" data-settings=\"{&quot;background_background&quot;:&quot;classic&quot;}\">\n\t\t\t\t\t<div class=\"e-con-inner\">\n\t\t<div class=\"elementor-element elementor-element-b2e6d3a e-con-full e-flex e-con e-child\" data-id=\"b2e6d3a\" data-element_type=\"container\" data-e-type=\"container\">\n\t\t\t\t<div class=\"elementor-element elementor-element-5e7f955 elementor-widget elementor-widget-heading\" data-id=\"5e7f955\" data-element_type=\"widget\" data-e-type=\"widget\" data-widget_type=\"heading.default\">\n\t\t\t\t\t<h1 class=\"elementor-heading-title elementor-size-default\">Membres\u00eda gratuita.<\/h1>\t\t\t\t<\/div>\n\t\t\t\t<div class=\"elementor-element elementor-element-b4377a4 elementor-widget elementor-widget-heading\" data-id=\"b4377a4\" data-element_type=\"widget\" data-e-type=\"widget\" data-widget_type=\"heading.default\">\n\t\t\t\t\t<h2 class=\"elementor-heading-title elementor-size-default\">Recompensas sin l\u00edmites. Y hecha para raza de taller.<\/h2>\t\t\t\t<\/div>\n\t\t\t\t<div class=\"elementor-element elementor-element-f692806 elementor-widget elementor-widget-text-editor\" data-id=\"f692806\" data-element_type=\"widget\" data-e-type=\"widget\" data-widget_type=\"text-editor.default\">\n\t\t\t\t\t\t\t\t\t<p class=\"x_MsoNormal\">\u00danete a Shop Masters, seas due\u00f1o de taller, t\u00e9cnico automotriz, Ingeniero mec\u00e1nico con experiencia, estudiante de una escuela t\u00e9cnica o aficionado a la mec\u00e1nica que disfruta trabajar en proyectos automotrices los fines de semana.<\/p><p class=\"x_MsoNormal\">Solo completa el formulario y listo: ser\u00e1s parte de la comunidad m\u00e1s r\u00e1pido que un Charger \u201969 con motor 426 listo para arrancar.<\/p>\t\t\t\t\t\t\t\t<\/div>\n\t\t\t\t<div class=\"elementor-element elementor-element-b1a0966 elementor-widget__width-inherit join-form elementor-widget elementor-widget-wpforms\" data-id=\"b1a0966\" data-element_type=\"widget\" data-e-type=\"widget\" data-widget_type=\"wpforms.default\">\n\t\t\t\t<div class=\"elementor-widget-container\">\n\t\t\t\t\t<style id=\"wpforms-css-vars-elementor-widget-b1a0966\">\n\t\t\t\t.elementor-widget-wpforms.elementor-element-b1a0966 {\n\t\t\t\t--wpforms-button-background-color: #E61E28;\n\t\t\t}\n\t\t\t<\/style><div class=\"wpforms-container wpforms-container-full wpforms-render-modern\" id=\"wpforms-1154\"><form id=\"wpforms-form-1154\" class=\"wpforms-validate wpforms-form wpforms-ajax-form\" data-formid=\"1154\" method=\"post\" enctype=\"multipart\/form-data\" action=\"\/es\/wp-json\/wp\/v2\/pages\/1296\" data-token=\"7cca696eefe950c7928d15c47c3f58c9\" data-token-time=\"1778055301\"><noscript class=\"wpforms-error-noscript\">Active JavaScript en su navegador para completar este formulario.<\/noscript><div id=\"wpforms-error-noscript\" style=\"display: none;\">Active JavaScript en su navegador para completar este formulario.<\/div><div class=\"wpforms-field-container\"><div id=\"wpforms-1154-field_1-container\" class=\"wpforms-field wpforms-field-email\" data-field-id=\"1\"><label class=\"wpforms-field-label\" for=\"wpforms-1154-field_1\">Correo electr\u00f3nico <span class=\"wpforms-required-label\" aria-hidden=\"true\">*<\/span><\/label><input type=\"email\" id=\"wpforms-1154-field_1\" class=\"wpforms-field-medium wpforms-field-required\" name=\"wpforms[fields][1]\" spellcheck=\"false\" aria-errormessage=\"wpforms-1154-field_1-error\" required><\/div><div id=\"wpforms-1154-field_2-container\" class=\"wpforms-field wpforms-field-text\" data-field-id=\"2\"><label class=\"wpforms-field-label\" for=\"wpforms-1154-field_2\">Nombre completo <span class=\"wpforms-required-label\" aria-hidden=\"true\">*<\/span><\/label><input type=\"text\" id=\"wpforms-1154-field_2\" class=\"wpforms-field-medium wpforms-field-required\" name=\"wpforms[fields][2]\" aria-errormessage=\"wpforms-1154-field_2-error\" required><\/div><div id=\"wpforms-1154-field_3-container\" class=\"wpforms-field wpforms-field-phone\" data-field-id=\"3\"><label class=\"wpforms-field-label\" for=\"wpforms-1154-field_3\">Tel\u00e9fono (WhatsApp) <span class=\"wpforms-required-label\" aria-hidden=\"true\">*<\/span><\/label><input type=\"tel\" id=\"wpforms-1154-field_3\" class=\"wpforms-field-medium wpforms-field-required wpforms-smart-phone-field\" data-rule-smart-phone-field=\"true\" name=\"wpforms[fields][3]\" aria-label=\"Tel\u00e9fono (WhatsApp)\" aria-errormessage=\"wpforms-1154-field_3-error\" required><\/div><div id=\"wpforms-1154-field_4-container\" class=\"wpforms-field wpforms-field-text\" data-field-id=\"4\"><label class=\"wpforms-field-label\" for=\"wpforms-1154-field_4\">Ciudad <span class=\"wpforms-required-label\" aria-hidden=\"true\">*<\/span><\/label><input type=\"text\" id=\"wpforms-1154-field_4\" class=\"wpforms-field-medium wpforms-field-required\" name=\"wpforms[fields][4]\" aria-errormessage=\"wpforms-1154-field_4-error\" required><\/div>\t\t<div id=\"wpforms-1154-field_8-container\"\n\t\t\tclass=\"wpforms-field wpforms-field-text\"\n\t\t\tdata-field-type=\"text\"\n\t\t\tdata-field-id=\"8\"\n\t\t\t>\n\t\t\t<label class=\"wpforms-field-label\" for=\"wpforms-1154-field_8\" >gustar\u00eda Idioma ha<\/label>\n\t\t\t<input type=\"text\" id=\"wpforms-1154-field_8\" class=\"wpforms-field-medium\" name=\"wpforms[fields][8]\" >\n\t\t<\/div>\n\t\t<div id=\"wpforms-1154-field_5-container\" class=\"wpforms-field wpforms-field-select wpforms-field-select-style-classic\" data-field-id=\"5\"><label class=\"wpforms-field-label\" for=\"wpforms-1154-field_5\">\u00bfQu\u00e9 marca de sistemas de distribuci\u00f3n ha comprado anteriormente? <span class=\"wpforms-required-label\" aria-hidden=\"true\">*<\/span><\/label><select id=\"wpforms-1154-field_5\" class=\"wpforms-field-medium wpforms-field-required\" name=\"wpforms[fields][5]\" required=\"required\"><option value=\"\" class=\"placeholder\" disabled  selected='selected'>-- seleccionar opci\u00f3n --<\/option><option value=\"Cloyes\"  class=\"choice-1 depth-1\"  >Cloyes<\/option><option value=\"Dynagear by Cloyes\"  class=\"choice-2 depth-1\"  >Dynagear by Cloyes<\/option><option value=\"CY-LENT\"  class=\"choice-3 depth-1\"  >CY-LENT<\/option><option value=\"Otra\"  class=\"choice-4 depth-1\"  >Otra<\/option><\/select><\/div><div id=\"wpforms-1154-field_6-container\" class=\"wpforms-field wpforms-field-select wpforms-field-select-style-classic\" data-field-id=\"6\"><label class=\"wpforms-field-label\" for=\"wpforms-1154-field_6\">\u00bfQu\u00e9 tipo de negocio representa? <span class=\"wpforms-required-label\" aria-hidden=\"true\">*<\/span><\/label><select id=\"wpforms-1154-field_6\" class=\"wpforms-field-medium wpforms-field-required\" name=\"wpforms[fields][6]\" required=\"required\"><option value=\"\" class=\"placeholder\" disabled  selected='selected'>-- seleccionar opci\u00f3n --<\/option><option value=\"Taller mec\u00e1nico\"  class=\"choice-1 depth-1\"  >Taller mec\u00e1nico<\/option><option value=\"Tienda de recambios\"  class=\"choice-2 depth-1\"  >Tienda de recambios<\/option><option value=\"Mayorista\"  class=\"choice-3 depth-1\"  >Mayorista<\/option><option value=\"Mec\u00e1nico independiente\"  class=\"choice-4 depth-1\"  >Mec\u00e1nico independiente<\/option><option value=\"Otro\"  class=\"choice-5 depth-1\"  >Otro<\/option><\/select><\/div><div id=\"wpforms-1154-field_7-container\" class=\"wpforms-field wpforms-field-select wpforms-field-select-style-classic\" data-field-id=\"7\"><label class=\"wpforms-field-label\" for=\"wpforms-1154-field_7\">\u00bfLe gustar\u00eda recibir informaci\u00f3n t\u00e9cnica y nuevos lanzamientos de productos? <span class=\"wpforms-required-label\" aria-hidden=\"true\">*<\/span><\/label><select id=\"wpforms-1154-field_7\" class=\"wpforms-field-medium wpforms-field-required\" name=\"wpforms[fields][7]\" required=\"required\"><option value=\"\" class=\"placeholder\" disabled  selected='selected'>-- seleccionar opci\u00f3n --<\/option><option value=\"S\u00ed\"  class=\"choice-1 depth-1\"  >S\u00ed<\/option><option value=\"No\"  class=\"choice-2 depth-1\"  >No<\/option><\/select><\/div><div id=\"wpforms-1154-field_9-container\" class=\"wpforms-field wpforms-field-hidden\" data-field-id=\"9\"><input type=\"hidden\" id=\"wpforms-1154-field_9\" name=\"wpforms[fields][9]\" value=\"Espa\u00f1ol de M\u00e9xico\"><\/div><div id=\"wpforms-1154-field_10-container\" class=\"wpforms-field wpforms-field-hidden ref-id-field\" data-field-id=\"10\"><input type=\"hidden\" id=\"wpforms-1154-field_10\" name=\"wpforms[fields][10]\"><\/div><script>\n\t\t\t\t( function() {\n\t\t\t\t\tconst style = document.createElement( 'style' );\n\t\t\t\t\tstyle.appendChild( document.createTextNode( '#wpforms-1154-field_8-container { position: absolute !important; overflow: hidden !important; display: inline !important; height: 1px !important; width: 1px !important; z-index: -1000 !important; padding: 0 !important; } #wpforms-1154-field_8-container input { visibility: hidden; } #wpforms-conversational-form-page #wpforms-1154-field_8-container label { counter-increment: none; }' ) );\n\t\t\t\t\tdocument.head.appendChild( style );\n\t\t\t\t\tdocument.currentScript?.remove();\n\t\t\t\t} )();\n\t\t\t<\/script><\/div><!-- .wpforms-field-container --><div class=\"wpforms-recaptcha-container wpforms-is-recaptcha wpforms-is-recaptcha-type-invisible\" ><div class=\"g-recaptcha\" data-sitekey=\"6LeOj5IrAAAAANR3Cly6fPpDFCIb9vf712F8IL80\" data-size=\"invisible\"><\/div><\/div><div class=\"wpforms-submit-container\" ><input type=\"hidden\" name=\"wpforms[id]\" value=\"1154\"><input type=\"hidden\" name=\"page_title\" value=\"\"><input type=\"hidden\" name=\"page_url\" value=\"https:\/\/shopmasters.org\/es\/wp-json\/wp\/v2\/pages\/1296\"><input type=\"hidden\" name=\"url_referer\" value=\"\"><button type=\"submit\" name=\"wpforms[submit]\" id=\"wpforms-submit-1154\" class=\"wpforms-submit\" data-alt-text=\"Enviando...\" data-submit-text=\"\u00a1Quiero unirme!\" aria-live=\"assertive\" value=\"wpforms-submit\">\u00a1Quiero unirme!<\/button><img decoding=\"async\" src=\"https:\/\/shopmasters.org\/wp-content\/plugins\/wpforms\/assets\/images\/submit-spin.svg\" class=\"wpforms-submit-spinner\" style=\"display: none;\" width=\"26\" height=\"26\" alt=\"Loading\" title=\"\u00danase\"><\/div><\/form><\/div>  <!-- .wpforms-container -->\t\t\t\t<\/div>\n\t\t\t\t<\/div>\n\t\t\t\t<div class=\"elementor-element elementor-element-495423f elementor-widget elementor-widget-text-editor\" data-id=\"495423f\" data-element_type=\"widget\" data-e-type=\"widget\" data-widget_type=\"text-editor.default\">\n\t\t\t\t\t\t\t\t\t<p>Consulte nuestros <span style=\"text-decoration: underline;\"><a href=\"https:\/\/shopmasters.org\/es\/aprender\/\">v\u00eddeos de formaci\u00f3n<\/a><\/span> y otros <span style=\"text-decoration: underline;\"><a href=\"https:\/\/shopmasters.org\/es\/resources\/\">recursos<\/a><\/span>.<\/p>\t\t\t\t\t\t\t\t<\/div>\n\t\t\t\t<\/div>\n\t\t<div class=\"elementor-element elementor-element-0f6624b e-con-full elementor-hidden-mobile e-flex e-con e-child\" data-id=\"0f6624b\" data-element_type=\"container\" data-e-type=\"container\">\n\t\t\t\t<div class=\"elementor-element elementor-element-6999341 elementor-widget elementor-widget-image\" data-id=\"6999341\" data-element_type=\"widget\" data-e-type=\"widget\" data-widget_type=\"image.default\">\n\t\t\t\t\t\t\t\t\t\t\t\t\t\t\t<img fetchpriority=\"high\" decoding=\"async\" width=\"500\" height=\"910\" src=\"https:\/\/shopmasters.org\/wp-content\/uploads\/2025\/09\/shop-master.png\" class=\"attachment-large size-large wp-image-1291\" alt=\"Convi\u00e9rtase en un Shop Master\" srcset=\"https:\/\/shopmasters.org\/wp-content\/uploads\/2025\/09\/shop-master.png 500w, https:\/\/shopmasters.org\/wp-content\/uploads\/2025\/09\/shop-master-165x300.png 165w\" sizes=\"(max-width: 500px) 100vw, 500px\" title=\"\u00danase\">\t\t\t\t\t\t\t\t\t\t\t\t\t\t\t<\/div>\n\t\t\t\t<\/div>\n\t\t\t\t\t<\/div>\n\t\t\t\t<\/div>\n\t\t\t\t<\/div>\n\t\t","protected":false},"excerpt":{"rendered":"<p>Membres\u00eda gratuita. Recompensas ilimitadas. Est\u00e1 oficialmente invitado a unirse a Shop Masters, ya sea usted propietario de un taller, un [&hellip;]<\/p>\n","protected":false},"author":2,"featured_media":0,"parent":0,"menu_order":0,"comment_status":"closed","ping_status":"closed","template":"elementor_header_footer","meta":{"_acf_changed":false,"site-sidebar-layout":"no-sidebar","site-content-layout":"","ast-site-content-layout":"full-width-container","site-content-style":"default","site-sidebar-style":"default","ast-global-header-display":"","ast-banner-title-visibility":"","ast-main-header-display":"","ast-hfb-above-header-display":"","ast-hfb-below-header-display":"","ast-hfb-mobile-header-display":"","site-post-title":"disabled","ast-breadcrumbs-content":"","ast-featured-img":"disabled","footer-sml-layout":"","ast-disable-related-posts":"","theme-transparent-header-meta":"","adv-header-id-meta":"","stick-header-meta":"","header-above-stick-meta":"","header-main-stick-meta":"","header-below-stick-meta":"","astra-migrate-meta-layouts":"default","ast-page-background-enabled":"default","ast-page-background-meta":{"desktop":{"background-color":"var(--ast-global-color-4)","background-image":"","background-repeat":"repeat","background-position":"center center","background-size":"auto","background-attachment":"scroll","background-type":"","background-media":"","overlay-type":"","overlay-color":"","overlay-opacity":"","overlay-gradient":""},"tablet":{"background-color":"","background-image":"","background-repeat":"repeat","background-position":"center center","background-size":"auto","background-attachment":"scroll","background-type":"","background-media":"","overlay-type":"","overlay-color":"","overlay-opacity":"","overlay-gradient":""},"mobile":{"background-color":"","background-image":"","background-repeat":"repeat","background-position":"center center","background-size":"auto","background-attachment":"scroll","background-type":"","background-media":"","overlay-type":"","overlay-color":"","overlay-opacity":"","overlay-gradient":""}},"ast-content-background-meta":{"desktop":{"background-color":"var(--ast-global-color-5)","background-image":"","background-repeat":"repeat","background-position":"center center","background-size":"auto","background-attachment":"scroll","background-type":"","background-media":"","overlay-type":"","overlay-color":"","overlay-opacity":"","overlay-gradient":""},"tablet":{"background-color":"var(--ast-global-color-5)","background-image":"","background-repeat":"repeat","background-position":"center center","background-size":"auto","background-attachment":"scroll","background-type":"","background-media":"","overlay-type":"","overlay-color":"","overlay-opacity":"","overlay-gradient":""},"mobile":{"background-color":"var(--ast-global-color-5)","background-image":"","background-repeat":"repeat","background-position":"center center","background-size":"auto","background-attachment":"scroll","background-type":"","background-media":"","overlay-type":"","overlay-color":"","overlay-opacity":"","overlay-gradient":""}},"footnotes":""},"class_list":["post-1296","page","type-page","status-publish","hentry","data-pub-2025-09-17"],"acf":[],"_links":{"self":[{"href":"https:\/\/shopmasters.org\/es\/wp-json\/wp\/v2\/pages\/1296","targetHints":{"allow":["GET"]}}],"collection":[{"href":"https:\/\/shopmasters.org\/es\/wp-json\/wp\/v2\/pages"}],"about":[{"href":"https:\/\/shopmasters.org\/es\/wp-json\/wp\/v2\/types\/page"}],"author":[{"embeddable":true,"href":"https:\/\/shopmasters.org\/es\/wp-json\/wp\/v2\/users\/2"}],"replies":[{"embeddable":true,"href":"https:\/\/shopmasters.org\/es\/wp-json\/wp\/v2\/comments?post=1296"}],"version-history":[{"count":0,"href":"https:\/\/shopmasters.org\/es\/wp-json\/wp\/v2\/pages\/1296\/revisions"}],"wp:attachment":[{"href":"https:\/\/shopmasters.org\/es\/wp-json\/wp\/v2\/media?parent=1296"}],"curies":[{"name":"wp","href":"https:\/\/api.w.org\/{rel}","templated":true}]}}